{"id":432,"date":"2017-02-22T13:02:11","date_gmt":"2017-02-22T13:02:11","guid":{"rendered":"http:\/\/es.acre.fullcircle.es\/?page_id=432"},"modified":"2019-09-19T07:52:32","modified_gmt":"2019-09-19T07:52:32","slug":"acre-portugal","status":"publish","type":"page","link":"https:\/\/grupoacre.com.pt\/es\/acre-portugal\/","title":{"rendered":"ACRE Portugal"},"content":{"rendered":"<p>La empresa fue fundada por un grupo de ingenieros y t\u00e9cnicos con amplia experiencia profesional y empresarial en el a\u00f1o 2001 con delegaci\u00f3n central en Espa\u00f1a. El crecimiento exponencial de la topograf\u00eda en <strong>Portugal<\/strong> y su idiosincrasia<strong>, <\/strong>siendo un mercado cercano y af\u00edn , llevaron a Grupo ACRE a crear una delegaci\u00f3n portuguesa en<strong> Lisboa <\/strong>con el objeto de ofrecer la m\u00e1xima calidad y servicio a todo el territorio nacional luso<strong>. As\u00ed nace ACRE Topograf\u00eda Portugal.<\/strong><\/p>\n<p>La tecnificaci\u00f3n obliga a las empresas y los profesionales t\u00e9cnicos a la especializaci\u00f3n y el manejo de instrumental de alt\u00edsimas capacidades. Adem\u00e1s de una oferta competitiva, Grupo Acre ofrece a sus clientes: top\u00f3grafos, arquitectos, ingenieros y profesionales de la construcci\u00f3n, <strong>asesor\u00eda t\u00e9cnica y comercial<\/strong> para elegir el instrumento m\u00e1s adecuado a sus necesidades, <strong>servicio t\u00e9cnico oficial, asistencia y formaci\u00f3n<\/strong> para sacar el m\u00e1ximo rendimiento a estas potentes herramientas.<\/p>","protected":false},"excerpt":{"rendered":"La empresa fue fundada por un grupo de ingenieros y t\u00e9cnicos con amplia experiencia profesional y empresarial en el a\u00f1o 2001 con delegaci\u00f3n central en Espa\u00f1a. El crecimiento exponencial de la topograf\u00eda en Portugal y su idiosincrasia, siendo un mercado cercano y af\u00edn , llevaron a Grupo ACRE a crear una delegaci\u00f3n portuguesa en Lisboa&#8230;","protected":false},"author":1,"featured_media":1043,"parent":0,"menu_order":8,"comment_status":"closed","ping_status":"closed","template":"","meta":{"_acf_changed":false,"footnotes":""},"class_list":["post-432","page","type-page","status-publish","has-post-thumbnail","hentry"],"acf":[],"yoast_head":"<!-- This site is optimized with the Yoast SEO plugin v25.2 - https:\/\/yoast.com\/wordpress\/plugins\/seo\/ -->\n<title>ACRE Portugal | Grupo Acre<\/title>\n<meta name=\"description\" content=\"A ACRE Portugal \u00e9 l\u00edder na venda de instrumentos topogr\u00e1ficos de alta qualidade, gra\u00e7as ao seu apoio t\u00e9cnico e comercial.\" \/>\n<meta name=\"robots\" content=\"index, follow, max-snippet:-1, max-image-preview:large, max-video-preview:-1\" \/>\n<link rel=\"canonical\" href=\"https:\/\/grupoacre.com.pt\/es\/acre-portugal\/\" \/>\n<meta property=\"og:locale\" content=\"es_ES\" \/>\n<meta property=\"og:type\" content=\"article\" \/>\n<meta property=\"og:title\" content=\"ACRE Portugal | Grupo Acre\" \/>\n<meta property=\"og:description\" content=\"A ACRE Portugal \u00e9 l\u00edder na venda de instrumentos topogr\u00e1ficos de alta qualidade, gra\u00e7as ao seu apoio t\u00e9cnico e comercial.\" \/>\n<meta property=\"og:url\" content=\"https:\/\/grupoacre.com.pt\/es\/acre-portugal\/\" \/>\n<meta property=\"og:site_name\" content=\"Grupo Acre Portugal\" \/>\n<meta property=\"article:publisher\" content=\"https:\/\/www.facebook.com\/Acre.Surveying.Solutions\" \/>\n<meta property=\"article:modified_time\" content=\"2019-09-19T07:52:32+00:00\" \/>\n<meta property=\"og:image\" content=\"https:\/\/grupoacre.com.pt\/wp-content\/uploads\/sites\/7\/2017\/02\/estacion-total-acre.jpg\" \/>\n\t<meta property=\"og:image:width\" content=\"1766\" \/>\n\t<meta property=\"og:image:height\" content=\"750\" \/>\n\t<meta property=\"og:image:type\" content=\"image\/jpeg\" \/>\n<meta name=\"twitter:card\" content=\"summary_large_image\" \/>\n<meta name=\"twitter:site\" content=\"@AcreSurveying\" \/>\n<meta name=\"twitter:label1\" content=\"Tiempo de lectura\" \/>\n\t<meta name=\"twitter:data1\" content=\"2 minutos\" \/>\n<script type=\"application\/ld+json\" class=\"yoast-schema-graph\">{\"@context\":\"https:\/\/schema.org\",\"@graph\":[{\"@type\":\"WebPage\",\"@id\":\"https:\/\/grupoacre.com.pt\/es\/acre-portugal\/\",\"url\":\"https:\/\/grupoacre.com.pt\/es\/acre-portugal\/\",\"name\":\"ACRE Portugal | Grupo Acre\",\"isPartOf\":{\"@id\":\"https:\/\/grupoacre.com.pt\/es\/#website\"},\"primaryImageOfPage\":{\"@id\":\"https:\/\/grupoacre.com.pt\/es\/acre-portugal\/#primaryimage\"},\"image\":{\"@id\":\"https:\/\/grupoacre.com.pt\/acre-portugal\/#primaryimage\"},\"thumbnailUrl\":\"https:\/\/grupoacre.com.pt\/wp-content\/uploads\/sites\/7\/2017\/02\/estacion-total-acre.jpg\",\"datePublished\":\"2017-02-22T13:02:11+00:00\",\"dateModified\":\"2019-09-19T07:52:32+00:00\",\"description\":\"A ACRE Portugal \u00e9 l\u00edder na venda de instrumentos topogr\u00e1ficos de alta qualidade, gra\u00e7as ao seu apoio t\u00e9cnico e comercial.\",\"breadcrumb\":{\"@id\":\"https:\/\/grupoacre.com.pt\/es\/acre-portugal\/#breadcrumb\"},\"inLanguage\":\"es\",\"potentialAction\":[{\"@type\":\"ReadAction\",\"target\":[[\"https:\/\/grupoacre.com.pt\/es\/acre-portugal\/\"]]}]},{\"@type\":\"ImageObject\",\"inLanguage\":\"es\",\"@id\":\"https:\/\/grupoacre.com.pt\/es\/acre-portugal\/#primaryimage\",\"url\":\"https:\/\/grupoacre.com.pt\/wp-content\/uploads\/sites\/7\/2017\/02\/estacion-total-acre.jpg\",\"contentUrl\":\"https:\/\/grupoacre.com.pt\/wp-content\/uploads\/sites\/7\/2017\/02\/estacion-total-acre.jpg\",\"width\":1766,\"height\":750,\"caption\":\"Estaci\u00f3n Total - Acre\"},{\"@type\":\"BreadcrumbList\",\"@id\":\"https:\/\/grupoacre.com.pt\/es\/acre-portugal\/#breadcrumb\",\"itemListElement\":[{\"@type\":\"ListItem\",\"position\":1,\"name\":\"Portada\",\"item\":\"https:\/\/grupoacre.com.pt\/es\/\"},{\"@type\":\"ListItem\",\"position\":2,\"name\":\"ACRE Portugal\"}]},{\"@type\":\"WebSite\",\"@id\":\"https:\/\/grupoacre.com.pt\/es\/#website\",\"url\":\"https:\/\/grupoacre.com.pt\/es\/\",\"name\":\"Grupo Acre Portugal\",\"description\":\"Soluciones topogr\u00e1ficas\",\"potentialAction\":[{\"@type\":\"SearchAction\",\"target\":{\"@type\":\"EntryPoint\",\"urlTemplate\":\"https:\/\/grupoacre.com.pt\/es\/?s={search_term_string}\"},\"query-input\":{\"@type\":\"PropertyValueSpecification\",\"valueRequired\":true,\"valueName\":\"search_term_string\"}}],\"inLanguage\":\"es\"}]}<\/script>\n<!-- \/ Yoast SEO plugin. -->","yoast_head_json":{"title":"ACRE Portugal | Grupo Acre","description":"A ACRE Portugal \u00e9 l\u00edder na venda de instrumentos topogr\u00e1ficos de alta qualidade, gra\u00e7as ao seu apoio t\u00e9cnico e comercial.","robots":{"index":"index","follow":"follow","max-snippet":"max-snippet:-1","max-image-preview":"max-image-preview:large","max-video-preview":"max-video-preview:-1"},"canonical":"https:\/\/grupoacre.com.pt\/es\/acre-portugal\/","og_locale":"es_ES","og_type":"article","og_title":"ACRE Portugal | Grupo Acre","og_description":"A ACRE Portugal \u00e9 l\u00edder na venda de instrumentos topogr\u00e1ficos de alta qualidade, gra\u00e7as ao seu apoio t\u00e9cnico e comercial.","og_url":"https:\/\/grupoacre.com.pt\/es\/acre-portugal\/","og_site_name":"Grupo Acre Portugal","article_publisher":"https:\/\/www.facebook.com\/Acre.Surveying.Solutions","article_modified_time":"2019-09-19T07:52:32+00:00","og_image":[{"width":1766,"height":750,"url":"https:\/\/grupoacre.com.pt\/wp-content\/uploads\/sites\/7\/2017\/02\/estacion-total-acre.jpg","type":"image\/jpeg"}],"twitter_card":"summary_large_image","twitter_site":"@AcreSurveying","twitter_misc":{"Tiempo de lectura":"2 minutos"},"schema":{"@context":"https:\/\/schema.org","@graph":[{"@type":"WebPage","@id":"https:\/\/grupoacre.com.pt\/es\/acre-portugal\/","url":"https:\/\/grupoacre.com.pt\/es\/acre-portugal\/","name":"ACRE Portugal | Grupo Acre","isPartOf":{"@id":"https:\/\/grupoacre.com.pt\/es\/#website"},"primaryImageOfPage":{"@id":"https:\/\/grupoacre.com.pt\/es\/acre-portugal\/#primaryimage"},"image":{"@id":"https:\/\/grupoacre.com.pt\/acre-portugal\/#primaryimage"},"thumbnailUrl":"https:\/\/grupoacre.com.pt\/wp-content\/uploads\/sites\/7\/2017\/02\/estacion-total-acre.jpg","datePublished":"2017-02-22T13:02:11+00:00","dateModified":"2019-09-19T07:52:32+00:00","description":"A ACRE Portugal \u00e9 l\u00edder na venda de instrumentos topogr\u00e1ficos de alta qualidade, gra\u00e7as ao seu apoio t\u00e9cnico e comercial.","breadcrumb":{"@id":"https:\/\/grupoacre.com.pt\/es\/acre-portugal\/#breadcrumb"},"inLanguage":"es","potentialAction":[{"@type":"ReadAction","target":[["https:\/\/grupoacre.com.pt\/es\/acre-portugal\/"]]}]},{"@type":"ImageObject","inLanguage":"es","@id":"https:\/\/grupoacre.com.pt\/es\/acre-portugal\/#primaryimage","url":"https:\/\/grupoacre.com.pt\/wp-content\/uploads\/sites\/7\/2017\/02\/estacion-total-acre.jpg","contentUrl":"https:\/\/grupoacre.com.pt\/wp-content\/uploads\/sites\/7\/2017\/02\/estacion-total-acre.jpg","width":1766,"height":750,"caption":"Estaci\u00f3n Total - Acre"},{"@type":"BreadcrumbList","@id":"https:\/\/grupoacre.com.pt\/es\/acre-portugal\/#breadcrumb","itemListElement":[{"@type":"ListItem","position":1,"name":"Portada","item":"https:\/\/grupoacre.com.pt\/es\/"},{"@type":"ListItem","position":2,"name":"ACRE Portugal"}]},{"@type":"WebSite","@id":"https:\/\/grupoacre.com.pt\/es\/#website","url":"https:\/\/grupoacre.com.pt\/es\/","name":"Grupo Acre Portugal","description":"Soluciones topogr\u00e1ficas","potentialAction":[{"@type":"SearchAction","target":{"@type":"EntryPoint","urlTemplate":"https:\/\/grupoacre.com.pt\/es\/?s={search_term_string}"},"query-input":{"@type":"PropertyValueSpecification","valueRequired":true,"valueName":"search_term_string"}}],"inLanguage":"es"}]}},"_links":{"self":[{"href":"https:\/\/grupoacre.com.pt\/es\/wp-json\/wp\/v2\/pages\/432","targetHints":{"allow":["GET"]}}],"collection":[{"href":"https:\/\/grupoacre.com.pt\/es\/wp-json\/wp\/v2\/pages"}],"about":[{"href":"https:\/\/grupoacre.com.pt\/es\/wp-json\/wp\/v2\/types\/page"}],"author":[{"embeddable":true,"href":"https:\/\/grupoacre.com.pt\/es\/wp-json\/wp\/v2\/users\/1"}],"replies":[{"embeddable":true,"href":"https:\/\/grupoacre.com.pt\/es\/wp-json\/wp\/v2\/comments?post=432"}],"version-history":[{"count":5,"href":"https:\/\/grupoacre.com.pt\/es\/wp-json\/wp\/v2\/pages\/432\/revisions"}],"predecessor-version":[{"id":265726,"href":"https:\/\/grupoacre.com.pt\/es\/wp-json\/wp\/v2\/pages\/432\/revisions\/265726"}],"wp:featuredmedia":[{"embeddable":true,"href":"https:\/\/grupoacre.com.pt\/es\/wp-json\/wp\/v2\/media\/1043"}],"wp:attachment":[{"href":"https:\/\/grupoacre.com.pt\/es\/wp-json\/wp\/v2\/media?parent=432"}],"curies":[{"name":"wp","href":"https:\/\/api.w.org\/{rel}","templated":true}]}}