{"id":22,"date":"2017-01-12T10:29:07","date_gmt":"2017-01-12T10:29:07","guid":{"rendered":"http:\/\/es.acre.fullcircle.es\/?page_id=22"},"modified":"2024-05-17T13:38:31","modified_gmt":"2024-05-17T13:38:31","slug":"processo-de-compra","status":"publish","type":"page","link":"https:\/\/grupoacre.com.pt\/es\/processo-de-compra\/","title":{"rendered":"Proceso de compra"},"content":{"rendered":"<p class=\"qtranxs-available-languages-message qtranxs-available-languages-message-es\">Disculpa, pero esta entrada est\u00e1 disponible s\u00f3lo en <a href=\"https:\/\/grupoacre.com.pt\/pt\/wp-json\/wp\/v2\/pages\/22\" class=\"qtranxs-available-language-link qtranxs-available-language-link-pt\" title=\"Portugu\u00eas\">Portugu\u00eas<\/a>.<\/p><p>Actualmente n\u00e3o existe nenhum produto no carrinho.<\/p>","protected":false},"excerpt":{"rendered":"Disculpa, pero esta entrada est\u00e1 disponible s\u00f3lo en Portugu\u00eas.Actualmente n\u00e3o existe nenhum produto no carrinho.","protected":false},"author":1,"featured_media":0,"parent":0,"menu_order":10,"comment_status":"closed","ping_status":"closed","template":"template-proceso-compra.php","meta":{"_acf_changed":false,"footnotes":""},"class_list":["post-22","page","type-page","status-publish","hentry"],"acf":[],"yoast_head":"<!-- This site is optimized with the Yoast SEO plugin v25.2 - https:\/\/yoast.com\/wordpress\/plugins\/seo\/ -->\n<title>Proceso de compra | Grupo Acre Portugal<\/title>\n<meta name=\"description\" content=\"Actualmente n\u00e3o existe nenhum produto no carrinho.\" \/>\n<meta name=\"robots\" content=\"noindex, nofollow\" \/>\n<meta property=\"og:locale\" content=\"es_ES\" \/>\n<meta property=\"og:type\" content=\"article\" \/>\n<meta property=\"og:title\" content=\"Proceso de compra | Grupo Acre Portugal\" \/>\n<meta property=\"og:description\" content=\"Actualmente n\u00e3o existe nenhum produto no carrinho.\" \/>\n<meta property=\"og:url\" content=\"https:\/\/grupoacre.com.pt\/es\/processo-de-compra\/\" \/>\n<meta property=\"og:site_name\" content=\"Grupo Acre Portugal\" \/>\n<meta property=\"article:publisher\" content=\"https:\/\/www.facebook.com\/Acre.Surveying.Solutions\" \/>\n<meta property=\"article:modified_time\" content=\"2024-05-17T13:38:31+00:00\" \/>\n<meta name=\"twitter:card\" content=\"summary_large_image\" \/>\n<meta name=\"twitter:site\" content=\"@AcreSurveying\" \/>\n<meta name=\"twitter:label1\" content=\"Tiempo de lectura\" \/>\n\t<meta name=\"twitter:data1\" content=\"1 minuto\" \/>\n<script type=\"application\/ld+json\" class=\"yoast-schema-graph\">{\"@context\":\"https:\/\/schema.org\",\"@graph\":[{\"@type\":\"WebPage\",\"@id\":\"https:\/\/grupoacre.com.pt\/es\/processo-de-compra\/\",\"url\":\"https:\/\/grupoacre.com.pt\/es\/processo-de-compra\/\",\"name\":\"Proceso de compra | Grupo Acre Portugal\",\"isPartOf\":{\"@id\":\"https:\/\/grupoacre.com.pt\/es\/#website\"},\"datePublished\":\"2017-01-12T10:29:07+00:00\",\"dateModified\":\"2024-05-17T13:38:31+00:00\",\"description\":\"Actualmente n\u00e3o existe nenhum produto no carrinho.\",\"breadcrumb\":{\"@id\":\"https:\/\/grupoacre.com.pt\/es\/processo-de-compra\/#breadcrumb\"},\"inLanguage\":\"es\",\"potentialAction\":[{\"@type\":\"ReadAction\",\"target\":[[\"https:\/\/grupoacre.com.pt\/es\/processo-de-compra\/\"]]}]},{\"@type\":\"BreadcrumbList\",\"@id\":\"https:\/\/grupoacre.com.pt\/es\/processo-de-compra\/#breadcrumb\",\"itemListElement\":[{\"@type\":\"ListItem\",\"position\":1,\"name\":\"Portada\",\"item\":\"https:\/\/grupoacre.com.pt\/es\/\"},{\"@type\":\"ListItem\",\"position\":2,\"name\":\"Processo de compra\"}]},{\"@type\":\"WebSite\",\"@id\":\"https:\/\/grupoacre.com.pt\/es\/#website\",\"url\":\"https:\/\/grupoacre.com.pt\/es\/\",\"name\":\"Grupo Acre Portugal\",\"description\":\"Soluciones topogr\u00e1ficas\",\"potentialAction\":[{\"@type\":\"SearchAction\",\"target\":{\"@type\":\"EntryPoint\",\"urlTemplate\":\"https:\/\/grupoacre.com.pt\/es\/?s={search_term_string}\"},\"query-input\":{\"@type\":\"PropertyValueSpecification\",\"valueRequired\":true,\"valueName\":\"search_term_string\"}}],\"inLanguage\":\"es\"}]}<\/script>\n<!-- \/ Yoast SEO plugin. -->","yoast_head_json":{"title":"Proceso de compra | Grupo Acre Portugal","description":"Actualmente n\u00e3o existe nenhum produto no carrinho.","robots":{"index":"noindex","follow":"nofollow"},"og_locale":"es_ES","og_type":"article","og_title":"Proceso de compra | Grupo Acre Portugal","og_description":"Actualmente n\u00e3o existe nenhum produto no carrinho.","og_url":"https:\/\/grupoacre.com.pt\/es\/processo-de-compra\/","og_site_name":"Grupo Acre Portugal","article_publisher":"https:\/\/www.facebook.com\/Acre.Surveying.Solutions","article_modified_time":"2024-05-17T13:38:31+00:00","twitter_card":"summary_large_image","twitter_site":"@AcreSurveying","twitter_misc":{"Tiempo de lectura":"1 minuto"},"schema":{"@context":"https:\/\/schema.org","@graph":[{"@type":"WebPage","@id":"https:\/\/grupoacre.com.pt\/es\/processo-de-compra\/","url":"https:\/\/grupoacre.com.pt\/es\/processo-de-compra\/","name":"Proceso de compra | Grupo Acre Portugal","isPartOf":{"@id":"https:\/\/grupoacre.com.pt\/es\/#website"},"datePublished":"2017-01-12T10:29:07+00:00","dateModified":"2024-05-17T13:38:31+00:00","description":"Actualmente n\u00e3o existe nenhum produto no carrinho.","breadcrumb":{"@id":"https:\/\/grupoacre.com.pt\/es\/processo-de-compra\/#breadcrumb"},"inLanguage":"es","potentialAction":[{"@type":"ReadAction","target":[["https:\/\/grupoacre.com.pt\/es\/processo-de-compra\/"]]}]},{"@type":"BreadcrumbList","@id":"https:\/\/grupoacre.com.pt\/es\/processo-de-compra\/#breadcrumb","itemListElement":[{"@type":"ListItem","position":1,"name":"Portada","item":"https:\/\/grupoacre.com.pt\/es\/"},{"@type":"ListItem","position":2,"name":"Processo de compra"}]},{"@type":"WebSite","@id":"https:\/\/grupoacre.com.pt\/es\/#website","url":"https:\/\/grupoacre.com.pt\/es\/","name":"Grupo Acre Portugal","description":"Soluciones topogr\u00e1ficas","potentialAction":[{"@type":"SearchAction","target":{"@type":"EntryPoint","urlTemplate":"https:\/\/grupoacre.com.pt\/es\/?s={search_term_string}"},"query-input":{"@type":"PropertyValueSpecification","valueRequired":true,"valueName":"search_term_string"}}],"inLanguage":"es"}]}},"_links":{"self":[{"href":"https:\/\/grupoacre.com.pt\/es\/wp-json\/wp\/v2\/pages\/22","targetHints":{"allow":["GET"]}}],"collection":[{"href":"https:\/\/grupoacre.com.pt\/es\/wp-json\/wp\/v2\/pages"}],"about":[{"href":"https:\/\/grupoacre.com.pt\/es\/wp-json\/wp\/v2\/types\/page"}],"author":[{"embeddable":true,"href":"https:\/\/grupoacre.com.pt\/es\/wp-json\/wp\/v2\/users\/1"}],"replies":[{"embeddable":true,"href":"https:\/\/grupoacre.com.pt\/es\/wp-json\/wp\/v2\/comments?post=22"}],"version-history":[{"count":5,"href":"https:\/\/grupoacre.com.pt\/es\/wp-json\/wp\/v2\/pages\/22\/revisions"}],"predecessor-version":[{"id":286458,"href":"https:\/\/grupoacre.com.pt\/es\/wp-json\/wp\/v2\/pages\/22\/revisions\/286458"}],"wp:attachment":[{"href":"https:\/\/grupoacre.com.pt\/es\/wp-json\/wp\/v2\/media?parent=22"}],"curies":[{"name":"wp","href":"https:\/\/api.w.org\/{rel}","templated":true}]}}