{"id":16238,"date":"2017-04-27T12:21:42","date_gmt":"2017-04-27T12:21:42","guid":{"rendered":"https:\/\/grupoacre.es\/?page_id=16238"},"modified":"2018-04-16T11:04:48","modified_gmt":"2018-04-16T11:04:48","slug":"recuperacao-de-palavra-passe","status":"publish","type":"page","link":"https:\/\/grupoacre.com.pt\/es\/recuperacao-de-palavra-passe\/","title":{"rendered":"Recuperaci\u00f3n de contrase\u00f1a"},"content":{"rendered":"","protected":false},"excerpt":{"rendered":"","protected":false},"author":1,"featured_media":0,"parent":0,"menu_order":0,"comment_status":"closed","ping_status":"closed","template":"template-password.php","meta":{"_acf_changed":false,"footnotes":""},"class_list":["post-16238","page","type-page","status-publish","hentry"],"acf":[],"yoast_head":"<!-- This site is optimized with the Yoast SEO plugin v25.2 - https:\/\/yoast.com\/wordpress\/plugins\/seo\/ -->\n<title>Recuperaci\u00f3n de contrase\u00f1a | Grupo Acre Portugal<\/title>\n<meta name=\"description\" content=\"recupera\u00e7\u00e3o de palavra passe\" \/>\n<meta name=\"robots\" content=\"noindex, nofollow\" \/>\n<meta property=\"og:locale\" content=\"es_ES\" \/>\n<meta property=\"og:type\" content=\"article\" \/>\n<meta property=\"og:title\" content=\"Recuperaci\u00f3n de contrase\u00f1a | Grupo Acre Portugal\" \/>\n<meta property=\"og:description\" content=\"recupera\u00e7\u00e3o de palavra passe\" \/>\n<meta property=\"og:url\" content=\"https:\/\/grupoacre.com.pt\/es\/recuperacao-de-palavra-passe\/\" \/>\n<meta property=\"og:site_name\" content=\"Grupo Acre Portugal\" \/>\n<meta property=\"article:publisher\" content=\"https:\/\/www.facebook.com\/Acre.Surveying.Solutions\" \/>\n<meta property=\"article:modified_time\" content=\"2018-04-16T11:04:48+00:00\" \/>\n<meta name=\"twitter:card\" content=\"summary_large_image\" \/>\n<meta name=\"twitter:site\" content=\"@AcreSurveying\" \/>\n<script type=\"application\/ld+json\" class=\"yoast-schema-graph\">{\"@context\":\"https:\/\/schema.org\",\"@graph\":[{\"@type\":\"WebPage\",\"@id\":\"https:\/\/grupoacre.com.pt\/es\/recuperacao-de-palavra-passe\/\",\"url\":\"https:\/\/grupoacre.com.pt\/es\/recuperacao-de-palavra-passe\/\",\"name\":\"Recuperaci\u00f3n de contrase\u00f1a | Grupo Acre Portugal\",\"isPartOf\":{\"@id\":\"https:\/\/grupoacre.com.pt\/es\/#website\"},\"datePublished\":\"2017-04-27T12:21:42+00:00\",\"dateModified\":\"2018-04-16T11:04:48+00:00\",\"description\":\"recupera\u00e7\u00e3o de palavra passe\",\"breadcrumb\":{\"@id\":\"https:\/\/grupoacre.com.pt\/es\/recuperacao-de-palavra-passe\/#breadcrumb\"},\"inLanguage\":\"es\",\"potentialAction\":[{\"@type\":\"ReadAction\",\"target\":[[\"https:\/\/grupoacre.com.pt\/es\/recuperacao-de-palavra-passe\/\"]]}]},{\"@type\":\"BreadcrumbList\",\"@id\":\"https:\/\/grupoacre.com.pt\/es\/recuperacao-de-palavra-passe\/#breadcrumb\",\"itemListElement\":[{\"@type\":\"ListItem\",\"position\":1,\"name\":\"Portada\",\"item\":\"https:\/\/grupoacre.com.pt\/es\/\"},{\"@type\":\"ListItem\",\"position\":2,\"name\":\"Recuperaci\u00f3n de contrase\u00f1a\"}]},{\"@type\":\"WebSite\",\"@id\":\"https:\/\/grupoacre.com.pt\/es\/#website\",\"url\":\"https:\/\/grupoacre.com.pt\/es\/\",\"name\":\"Grupo Acre Portugal\",\"description\":\"Soluciones topogr\u00e1ficas\",\"potentialAction\":[{\"@type\":\"SearchAction\",\"target\":{\"@type\":\"EntryPoint\",\"urlTemplate\":\"https:\/\/grupoacre.com.pt\/es\/?s={search_term_string}\"},\"query-input\":{\"@type\":\"PropertyValueSpecification\",\"valueRequired\":true,\"valueName\":\"search_term_string\"}}],\"inLanguage\":\"es\"}]}<\/script>\n<!-- \/ Yoast SEO plugin. -->","yoast_head_json":{"title":"Recuperaci\u00f3n de contrase\u00f1a | Grupo Acre Portugal","description":"recupera\u00e7\u00e3o de palavra passe","robots":{"index":"noindex","follow":"nofollow"},"og_locale":"es_ES","og_type":"article","og_title":"Recuperaci\u00f3n de contrase\u00f1a | Grupo Acre Portugal","og_description":"recupera\u00e7\u00e3o de palavra passe","og_url":"https:\/\/grupoacre.com.pt\/es\/recuperacao-de-palavra-passe\/","og_site_name":"Grupo Acre Portugal","article_publisher":"https:\/\/www.facebook.com\/Acre.Surveying.Solutions","article_modified_time":"2018-04-16T11:04:48+00:00","twitter_card":"summary_large_image","twitter_site":"@AcreSurveying","schema":{"@context":"https:\/\/schema.org","@graph":[{"@type":"WebPage","@id":"https:\/\/grupoacre.com.pt\/es\/recuperacao-de-palavra-passe\/","url":"https:\/\/grupoacre.com.pt\/es\/recuperacao-de-palavra-passe\/","name":"Recuperaci\u00f3n de contrase\u00f1a | Grupo Acre Portugal","isPartOf":{"@id":"https:\/\/grupoacre.com.pt\/es\/#website"},"datePublished":"2017-04-27T12:21:42+00:00","dateModified":"2018-04-16T11:04:48+00:00","description":"recupera\u00e7\u00e3o de palavra passe","breadcrumb":{"@id":"https:\/\/grupoacre.com.pt\/es\/recuperacao-de-palavra-passe\/#breadcrumb"},"inLanguage":"es","potentialAction":[{"@type":"ReadAction","target":[["https:\/\/grupoacre.com.pt\/es\/recuperacao-de-palavra-passe\/"]]}]},{"@type":"BreadcrumbList","@id":"https:\/\/grupoacre.com.pt\/es\/recuperacao-de-palavra-passe\/#breadcrumb","itemListElement":[{"@type":"ListItem","position":1,"name":"Portada","item":"https:\/\/grupoacre.com.pt\/es\/"},{"@type":"ListItem","position":2,"name":"Recuperaci\u00f3n de contrase\u00f1a"}]},{"@type":"WebSite","@id":"https:\/\/grupoacre.com.pt\/es\/#website","url":"https:\/\/grupoacre.com.pt\/es\/","name":"Grupo Acre Portugal","description":"Soluciones topogr\u00e1ficas","potentialAction":[{"@type":"SearchAction","target":{"@type":"EntryPoint","urlTemplate":"https:\/\/grupoacre.com.pt\/es\/?s={search_term_string}"},"query-input":{"@type":"PropertyValueSpecification","valueRequired":true,"valueName":"search_term_string"}}],"inLanguage":"es"}]}},"_links":{"self":[{"href":"https:\/\/grupoacre.com.pt\/es\/wp-json\/wp\/v2\/pages\/16238","targetHints":{"allow":["GET"]}}],"collection":[{"href":"https:\/\/grupoacre.com.pt\/es\/wp-json\/wp\/v2\/pages"}],"about":[{"href":"https:\/\/grupoacre.com.pt\/es\/wp-json\/wp\/v2\/types\/page"}],"author":[{"embeddable":true,"href":"https:\/\/grupoacre.com.pt\/es\/wp-json\/wp\/v2\/users\/1"}],"replies":[{"embeddable":true,"href":"https:\/\/grupoacre.com.pt\/es\/wp-json\/wp\/v2\/comments?post=16238"}],"version-history":[{"count":3,"href":"https:\/\/grupoacre.com.pt\/es\/wp-json\/wp\/v2\/pages\/16238\/revisions"}],"predecessor-version":[{"id":258084,"href":"https:\/\/grupoacre.com.pt\/es\/wp-json\/wp\/v2\/pages\/16238\/revisions\/258084"}],"wp:attachment":[{"href":"https:\/\/grupoacre.com.pt\/es\/wp-json\/wp\/v2\/media?parent=16238"}],"curies":[{"name":"wp","href":"https:\/\/api.w.org\/{rel}","templated":true}]}}