{"id":1077,"date":"2017-03-28T15:14:06","date_gmt":"2017-03-28T15:14:06","guid":{"rendered":"http:\/\/es.acre.fullcircle.es\/?page_id=1077"},"modified":"2018-09-13T10:22:16","modified_gmt":"2018-09-13T10:22:16","slug":"condicoes-envio-devolucao","status":"publish","type":"page","link":"https:\/\/grupoacre.com.pt\/es\/condicoes-envio-devolucao\/","title":{"rendered":"Condiciones de env\u00edo y devoluci\u00f3n"},"content":{"rendered":"<p><\/p>\n<h2>Condiciones de env\u00edo<\/h2>\n<p>5.- Env\u00edos. El env\u00edo del producto no ser\u00e1 efectivo hasta que el departamento de Administraci\u00f3n de ACRE no haya verificado la realizaci\u00f3n del pago por parte del cliente. La entrega se considerar\u00e1 realizada en el momento en que el transportista haya puesto los productos a disposici\u00f3n del cliente y este haya firmado el documento de recepci\u00f3n de entrega. Corresponde al cliente verificar los productos a la recepci\u00f3n y exponer todas las salvedades y reclamaciones que puedan estar justificadas en el documento de recepci\u00f3n de entrega. ACRE enviar\u00e1 los productos por el medio que estime oportuno para cumplir con sus compromisos.<\/p>\n<p>6.- Gastos de Env\u00edo. Los gastos de env\u00edo correr\u00e1n a cargo de ACRE en los casos generales dentro de la Pen\u00ednsula Ib\u00e9rica. ACRE SE RESERVA EL DERECHO DE SOLICITAR UNA CANTIDAD ADICIONAL para pedidos especialmente pesados o voluminosos o en casos de entregas en zonas no estimadas en los gastos. Cuando esto suceda, el usuario podr\u00e1 cancelar el pedido y ACRE estar\u00e1 obligado a devolver el importe pagado. \u00a0ACRE quedar\u00e1 exenta de cualquier otro compromiso u obligaci\u00f3n con el cliente.<\/p>\n<p>7.- Plazo de entrega. Los plazos de entrega est\u00e1n indicados en la ficha de producto en cada caso. \u00a0 Un pedido se env\u00eda en el siguiente d\u00eda h\u00e1bil para aquellos pedidos cuyo comprobante de pago se nos ha enviado antes de las 12:00 del mediod\u00eda, siempre y cuando el producto se encuentre en estado de disponibilidad inmediata. En este caso, el periodo de entrega ser\u00e1 24\/48h. \u00a0Si desea conocer de forma m\u00e1s exacta la fecha de entrega, p\u00f3ngase en contacto con nosotros. \u00a0Los plazos pueden variar por razones ajenas a nuestra compa\u00f1\u00eda. ACRE no se compromete a ning\u00fan plazo de entrega determinado, puesto que el proceso de env\u00edo depende de terceros.<\/p>\n<p>8.- Almac\u00e9n. La sincronizaci\u00f3n de la web con los almacenes no es instant\u00e1nea por lo que el usuario podr\u00eda encontrarse con disponibilidades inexactas en alg\u00fan caso aislado por lo que no podr\u00edamos cumplir los tiempos de env\u00edo previstos.<\/p>\n<p>Cuando no sea posible servir un producto por este motivo, ACRE se pondr\u00e1 en contacto con el cliente para comunic\u00e1rselo pudiendo este anular el pedido.<\/p>\n<p>9.- Devoluciones. Durante los 14 primeros d\u00edas naturales despu\u00e9s de la recepci\u00f3n de un pedido, el cliente podr\u00e1 realizar la devoluci\u00f3n si cumple las Condiciones de devoluciones para clientes:<\/p>\n<p>Para ejercer este derecho, deber\u00e1 comunicarlo por e-mail indicando su n\u00famero de pedido, la referencia y n\u00famero de serie de los productos a devolver y seguir las instrucciones recibidas por nuestro servicio de atenci\u00f3n al cliente.<\/p>\n<p>Excepciones al derecho de desistimiento. Este derecho no ser\u00e1 aplicable a los siguientes art\u00edculos:<\/p>\n<ul>\n<li>Bienes cuyo precio est\u00e9 sujeto a fluctuaciones de coeficientes del mercado financiero que el vendedor no pueda controlar.<\/li>\n<li>Bienes confeccionados conforme a las especificaciones del consumidor o claramente personalizados, o que, por su naturaleza, no puedan ser devueltos o puedan deteriorarse o caducar con rapidez.<\/li>\n<li>Grabaciones sonoras o de v\u00eddeo, de discos y de programas inform\u00e1ticos que hubiesen sido desprecintados por el consumidor, as\u00ed como de ficheros inform\u00e1ticos, suministrados por v\u00eda electr\u00f3nica, susceptibles de ser descargados o reproducidos con car\u00e1cter inmediato para su uso permanente.<\/li>\n<\/ul>\n<p>Toda mercanc\u00eda debe ser devuelta en perfecto estado, sin haber sido modificada ni personalizada por el cliente, en su embalaje original en perfecto estado y protegido de forma que no se reciba con precintos o cintas adhesivas de transporte.<\/p>\n<p>Las devoluciones deben ser entregadas en destino dentro de los 7 d\u00edas posteriores a la fecha de aceptaci\u00f3n de la devoluci\u00f3n. En caso contrario ser\u00e1 rechazada y devuelta. Los gastos de transporte originados por la devoluci\u00f3n correr\u00e1n a cargo del cliente.<\/p>\n<p>Una vez analizado el perfecto estado de la mercanc\u00eda, le abonaremos el importe del producto en un plazo m\u00e1ximo de 7 d\u00edas. No devolvemos gastos de env\u00edo.<\/p>","protected":false},"excerpt":{"rendered":"Condiciones de env\u00edo 5.- Env\u00edos. El env\u00edo del producto no ser\u00e1 efectivo hasta que el departamento de Administraci\u00f3n de ACRE no haya verificado la realizaci\u00f3n del pago por parte del cliente. La entrega se considerar\u00e1 realizada en el momento en que el transportista haya puesto los productos a disposici\u00f3n del cliente y este haya firmado&#8230;","protected":false},"author":3,"featured_media":0,"parent":0,"menu_order":0,"comment_status":"closed","ping_status":"closed","template":"","meta":{"_acf_changed":false,"footnotes":""},"class_list":["post-1077","page","type-page","status-publish","hentry"],"acf":[],"yoast_head":"<!-- This site is optimized with the Yoast SEO plugin v25.2 - https:\/\/yoast.com\/wordpress\/plugins\/seo\/ -->\n<title>Condiciones de env\u00edo y devoluci\u00f3n | Grupo Acre Portugal<\/title>\n<meta name=\"description\" content=\"Leia as nossas Condi\u00e7\u00f5es de envio e devolu\u00e7\u00e3o: Condi\u00e7\u00f5es; Direitos; Prazos de entrega; Armaz\u00e9m; Devolu\u00e7\u00f5es.\" \/>\n<meta name=\"robots\" content=\"noindex, nofollow\" \/>\n<meta property=\"og:locale\" content=\"es_ES\" \/>\n<meta property=\"og:type\" content=\"article\" \/>\n<meta property=\"og:title\" content=\"Condiciones de env\u00edo y devoluci\u00f3n | Grupo Acre Portugal\" \/>\n<meta property=\"og:description\" content=\"Leia as nossas Condi\u00e7\u00f5es de envio e devolu\u00e7\u00e3o: Condi\u00e7\u00f5es; Direitos; Prazos de entrega; Armaz\u00e9m; Devolu\u00e7\u00f5es.\" \/>\n<meta property=\"og:url\" content=\"https:\/\/grupoacre.com.pt\/es\/condicoes-envio-devolucao\/\" \/>\n<meta property=\"og:site_name\" content=\"Grupo Acre Portugal\" \/>\n<meta property=\"article:publisher\" content=\"https:\/\/www.facebook.com\/Acre.Surveying.Solutions\" \/>\n<meta property=\"article:modified_time\" content=\"2018-09-13T10:22:16+00:00\" \/>\n<meta name=\"twitter:card\" content=\"summary_large_image\" \/>\n<meta name=\"twitter:site\" content=\"@AcreSurveying\" \/>\n<meta name=\"twitter:label1\" content=\"Tiempo de lectura\" \/>\n\t<meta name=\"twitter:data1\" content=\"21 minutos\" \/>\n<script type=\"application\/ld+json\" class=\"yoast-schema-graph\">{\"@context\":\"https:\/\/schema.org\",\"@graph\":[{\"@type\":\"WebPage\",\"@id\":\"https:\/\/grupoacre.com.pt\/es\/condicoes-envio-devolucao\/\",\"url\":\"https:\/\/grupoacre.com.pt\/es\/condicoes-envio-devolucao\/\",\"name\":\"Condiciones de env\u00edo y devoluci\u00f3n | Grupo Acre Portugal\",\"isPartOf\":{\"@id\":\"https:\/\/grupoacre.com.pt\/es\/#website\"},\"datePublished\":\"2017-03-28T15:14:06+00:00\",\"dateModified\":\"2018-09-13T10:22:16+00:00\",\"description\":\"Leia as nossas Condi\u00e7\u00f5es de envio e devolu\u00e7\u00e3o: Condi\u00e7\u00f5es; Direitos; Prazos de entrega; Armaz\u00e9m; Devolu\u00e7\u00f5es.\",\"breadcrumb\":{\"@id\":\"https:\/\/grupoacre.com.pt\/es\/condicoes-envio-devolucao\/#breadcrumb\"},\"inLanguage\":\"es\",\"potentialAction\":[{\"@type\":\"ReadAction\",\"target\":[[\"https:\/\/grupoacre.com.pt\/es\/condicoes-envio-devolucao\/\"]]}]},{\"@type\":\"BreadcrumbList\",\"@id\":\"https:\/\/grupoacre.com.pt\/es\/condicoes-envio-devolucao\/#breadcrumb\",\"itemListElement\":[{\"@type\":\"ListItem\",\"position\":1,\"name\":\"Portada\",\"item\":\"https:\/\/grupoacre.com.pt\/es\/\"},{\"@type\":\"ListItem\",\"position\":2,\"name\":\"Condi\u00e7\u00f5es de envio e devolu\u00e7\u00e3o\"}]},{\"@type\":\"WebSite\",\"@id\":\"https:\/\/grupoacre.com.pt\/es\/#website\",\"url\":\"https:\/\/grupoacre.com.pt\/es\/\",\"name\":\"Grupo Acre Portugal\",\"description\":\"Soluciones topogr\u00e1ficas\",\"potentialAction\":[{\"@type\":\"SearchAction\",\"target\":{\"@type\":\"EntryPoint\",\"urlTemplate\":\"https:\/\/grupoacre.com.pt\/es\/?s={search_term_string}\"},\"query-input\":{\"@type\":\"PropertyValueSpecification\",\"valueRequired\":true,\"valueName\":\"search_term_string\"}}],\"inLanguage\":\"es\"}]}<\/script>\n<!-- \/ Yoast SEO plugin. -->","yoast_head_json":{"title":"Condiciones de env\u00edo y devoluci\u00f3n | Grupo Acre Portugal","description":"Leia as nossas Condi\u00e7\u00f5es de envio e devolu\u00e7\u00e3o: Condi\u00e7\u00f5es; Direitos; Prazos de entrega; Armaz\u00e9m; Devolu\u00e7\u00f5es.","robots":{"index":"noindex","follow":"nofollow"},"og_locale":"es_ES","og_type":"article","og_title":"Condiciones de env\u00edo y devoluci\u00f3n | Grupo Acre Portugal","og_description":"Leia as nossas Condi\u00e7\u00f5es de envio e devolu\u00e7\u00e3o: Condi\u00e7\u00f5es; Direitos; Prazos de entrega; Armaz\u00e9m; Devolu\u00e7\u00f5es.","og_url":"https:\/\/grupoacre.com.pt\/es\/condicoes-envio-devolucao\/","og_site_name":"Grupo Acre Portugal","article_publisher":"https:\/\/www.facebook.com\/Acre.Surveying.Solutions","article_modified_time":"2018-09-13T10:22:16+00:00","twitter_card":"summary_large_image","twitter_site":"@AcreSurveying","twitter_misc":{"Tiempo de lectura":"21 minutos"},"schema":{"@context":"https:\/\/schema.org","@graph":[{"@type":"WebPage","@id":"https:\/\/grupoacre.com.pt\/es\/condicoes-envio-devolucao\/","url":"https:\/\/grupoacre.com.pt\/es\/condicoes-envio-devolucao\/","name":"Condiciones de env\u00edo y devoluci\u00f3n | Grupo Acre Portugal","isPartOf":{"@id":"https:\/\/grupoacre.com.pt\/es\/#website"},"datePublished":"2017-03-28T15:14:06+00:00","dateModified":"2018-09-13T10:22:16+00:00","description":"Leia as nossas Condi\u00e7\u00f5es de envio e devolu\u00e7\u00e3o: Condi\u00e7\u00f5es; Direitos; Prazos de entrega; Armaz\u00e9m; Devolu\u00e7\u00f5es.","breadcrumb":{"@id":"https:\/\/grupoacre.com.pt\/es\/condicoes-envio-devolucao\/#breadcrumb"},"inLanguage":"es","potentialAction":[{"@type":"ReadAction","target":[["https:\/\/grupoacre.com.pt\/es\/condicoes-envio-devolucao\/"]]}]},{"@type":"BreadcrumbList","@id":"https:\/\/grupoacre.com.pt\/es\/condicoes-envio-devolucao\/#breadcrumb","itemListElement":[{"@type":"ListItem","position":1,"name":"Portada","item":"https:\/\/grupoacre.com.pt\/es\/"},{"@type":"ListItem","position":2,"name":"Condi\u00e7\u00f5es de envio e devolu\u00e7\u00e3o"}]},{"@type":"WebSite","@id":"https:\/\/grupoacre.com.pt\/es\/#website","url":"https:\/\/grupoacre.com.pt\/es\/","name":"Grupo Acre Portugal","description":"Soluciones topogr\u00e1ficas","potentialAction":[{"@type":"SearchAction","target":{"@type":"EntryPoint","urlTemplate":"https:\/\/grupoacre.com.pt\/es\/?s={search_term_string}"},"query-input":{"@type":"PropertyValueSpecification","valueRequired":true,"valueName":"search_term_string"}}],"inLanguage":"es"}]}},"_links":{"self":[{"href":"https:\/\/grupoacre.com.pt\/es\/wp-json\/wp\/v2\/pages\/1077","targetHints":{"allow":["GET"]}}],"collection":[{"href":"https:\/\/grupoacre.com.pt\/es\/wp-json\/wp\/v2\/pages"}],"about":[{"href":"https:\/\/grupoacre.com.pt\/es\/wp-json\/wp\/v2\/types\/page"}],"author":[{"embeddable":true,"href":"https:\/\/grupoacre.com.pt\/es\/wp-json\/wp\/v2\/users\/3"}],"replies":[{"embeddable":true,"href":"https:\/\/grupoacre.com.pt\/es\/wp-json\/wp\/v2\/comments?post=1077"}],"version-history":[{"count":5,"href":"https:\/\/grupoacre.com.pt\/es\/wp-json\/wp\/v2\/pages\/1077\/revisions"}],"predecessor-version":[{"id":261759,"href":"https:\/\/grupoacre.com.pt\/es\/wp-json\/wp\/v2\/pages\/1077\/revisions\/261759"}],"wp:attachment":[{"href":"https:\/\/grupoacre.com.pt\/es\/wp-json\/wp\/v2\/media?parent=1077"}],"curies":[{"name":"wp","href":"https:\/\/api.w.org\/{rel}","templated":true}]}}